{"id":1008,"date":"2021-06-24T14:25:47","date_gmt":"2021-06-24T12:25:47","guid":{"rendered":"https:\/\/arkonsili.com\/tcg\/"},"modified":"2021-06-24T14:25:53","modified_gmt":"2021-06-24T12:25:53","slug":"tcg","status":"publish","type":"page","link":"https:\/\/arkonsili.com\/pt-br\/tcg\/","title":{"rendered":"TCG"},"content":{"rendered":"\t\t<div data-elementor-type=\"wp-page\" data-elementor-id=\"1008\" class=\"elementor elementor-1008 elementor-111\" data-elementor-post-type=\"page\">\n\t\t\t\t\t\t<section class=\"elementor-section elementor-top-section elementor-element elementor-element-376db92 elementor-section-boxed elementor-section-height-default elementor-section-height-default\" data-id=\"376db92\" data-element_type=\"section\" data-settings=\"{&quot;background_background&quot;:&quot;classic&quot;,&quot;shape_divider_top&quot;:&quot;opacity-tilt&quot;,&quot;shape_divider_bottom&quot;:&quot;opacity-tilt&quot;}\">\n\t\t\t\t\t<div class=\"elementor-shape elementor-shape-top\" aria-hidden=\"true\" data-negative=\"false\">\n\t\t\t<svg xmlns=\"http:\/\/www.w3.org\/2000\/svg\" viewBox=\"0 0 2600 131.1\" preserveAspectRatio=\"none\">\n\t<path class=\"elementor-shape-fill\" d=\"M0 0L2600 0 2600 69.1 0 0z\"\/>\n\t<path class=\"elementor-shape-fill\" style=\"opacity:0.5\" d=\"M0 0L2600 0 2600 69.1 0 69.1z\"\/>\n\t<path class=\"elementor-shape-fill\" style=\"opacity:0.25\" d=\"M2600 0L0 0 0 130.1 2600 69.1z\"\/>\n<\/svg>\t\t<\/div>\n\t\t\t\t<div class=\"elementor-shape elementor-shape-bottom\" aria-hidden=\"true\" data-negative=\"false\">\n\t\t\t<svg xmlns=\"http:\/\/www.w3.org\/2000\/svg\" viewBox=\"0 0 2600 131.1\" preserveAspectRatio=\"none\">\n\t<path class=\"elementor-shape-fill\" d=\"M0 0L2600 0 2600 69.1 0 0z\"\/>\n\t<path class=\"elementor-shape-fill\" style=\"opacity:0.5\" d=\"M0 0L2600 0 2600 69.1 0 69.1z\"\/>\n\t<path class=\"elementor-shape-fill\" style=\"opacity:0.25\" d=\"M2600 0L0 0 0 130.1 2600 69.1z\"\/>\n<\/svg>\t\t<\/div>\n\t\t\t\t\t<div class=\"elementor-container elementor-column-gap-default\">\n\t\t\t\t\t<div class=\"elementor-column elementor-col-100 elementor-top-column elementor-element elementor-element-a768c82\" data-id=\"a768c82\" data-element_type=\"column\">\n\t\t\t<div class=\"elementor-widget-wrap elementor-element-populated\">\n\t\t\t\t\t\t<div class=\"elementor-element elementor-element-78832c9 elementor-widget-divider--view-line elementor-widget elementor-widget-divider\" data-id=\"78832c9\" data-element_type=\"widget\" data-widget_type=\"divider.default\">\n\t\t\t\t<div class=\"elementor-widget-container\">\n\t\t\t\t\t\t\t<div class=\"elementor-divider\">\n\t\t\t<span class=\"elementor-divider-separator\">\n\t\t\t\t\t\t<\/span>\n\t\t<\/div>\n\t\t\t\t\t\t<\/div>\n\t\t\t\t<\/div>\n\t\t\t\t<div class=\"elementor-element elementor-element-b940176 elementor-widget elementor-widget-uael-advanced-heading\" data-id=\"b940176\" data-element_type=\"widget\" data-widget_type=\"uael-advanced-heading.default\">\n\t\t\t\t<div class=\"elementor-widget-container\">\n\t\t\t\t\t\n\t\t<div class=\"uael-module-content uael-heading-wrapper\">\n\t\t\t\t\t\t\n\t\t\t<h1 class=\"uael-heading\">\n\t\t\t\t\t\t\t\t\t\t<span class=\"uael-heading-text elementor-inline-editing uael-size--default\" data-elementor-setting-key=\"heading_title\" data-elementor-inline-editing-toolbar=\"basic\">Termos e Condi\u00e7\u00f5es Gerais de Vendas<\/span>\n\t\t\t\t\t\t\t<\/h1>\n\n\t\t\t\n\t\t\t\n\t\t\t\n\t\t\t\t\t\t<\/div>\n\t\t\t\t\t\t<\/div>\n\t\t\t\t<\/div>\n\t\t\t\t<div class=\"elementor-element elementor-element-2064e42 elementor-widget elementor-widget-text-editor\" data-id=\"2064e42\" data-element_type=\"widget\" data-widget_type=\"text-editor.default\">\n\t\t\t\t<div class=\"elementor-widget-container\">\n\t\t\t\t\t\t\t\t\t<h2 class=\"text-align-justify\">\u00a7 1 Escopo <\/h2>\n<p class=\"text-align-justify\">1 Estes Termos e Condi\u00e7\u00f5es Gerais aplicar-se-\u00e3o exclusivamente a todas as transa\u00e7\u00f5es legais entre o Mandante e o Mandat\u00e1rio (Consultor). A vers\u00e3o v\u00e1lida deste Termo ser\u00e1 aquela existente no momento da contrata\u00e7\u00e3o.<\/p>\n<p class=\"text-align-justify\">2 Estes Termos e Condi\u00e7\u00f5es de Venda tamb\u00e9m se aplicam a todas as transa\u00e7\u00f5es futuras com o Mandante, na medida em que se trate de transa\u00e7\u00f5es legais de natureza relacionada.<\/p>\n<p class=\"text-align-justify\">3 Os acordos individuais feitos com o Mandate (incluindo termos complementares, suplementos e emendas) ter\u00e3o preced\u00eancia em todos os casos sobre este TCG. Sujeito a prova em contr\u00e1rio, um contrato por escrito ou nossa confirma\u00e7\u00e3o por escrito dever\u00e1 ser autorit\u00e1rio para o conte\u00fado de tais acordos.<\/p>\n<p class=\"text-align-justify\">4 O escopo de uma ordem de consultoria concreta deve ser contratualmente acordado em cada caso individual.<\/p>\n<h2 class=\"text-align-justify\">\u00a7 2 Proposta e fechamento de contrato de servi\u00e7o<\/h2>\n<p class=\"text-align-justify\">Enquanto uma ordem de servi\u00e7o for considerada uma oferta em conformidade com o \u00a7 145 do C\u00f3digo Civil Alem\u00e3o (BGB), podemos aceit\u00e1-la dentro de duas semanas.<\/p>\n<h2 class=\"text-align-justify\">\u00a7 3 Documentos fornecidos<\/h2>\n<p class=\"text-align-justify\">Reservamos-nos os direitos de propriedade e direitos autorais a todos os documentos entregues ao cliente em conex\u00e3o com a realiza\u00e7\u00e3o do pedido &#8211; tamb\u00e9m em formato eletr\u00f4nico &#8211; tais como c\u00e1lculos, formul\u00e1rios, etc. Estes documentos n\u00e3o podem ser disponibilizados a terceiros. Estes documentos n\u00e3o podem ser tornados acess\u00edveis a terceiros a n\u00e3o ser que demos nosso consentimento expresso por escrito para faz\u00ea-lo. Se a proposta nao for aceita dentro do per\u00edodo do \u00a7 2, estes documentos devem ser-nos devolvidos imediatamente.<\/p>\n<h2 class=\"text-align-justify\">\u00a7 4 Honor\u00e1rios<\/h2>\n<p class=\"text-align-justify\">1 Salvo acordo em contr\u00e1rio por escrito, nossos honor\u00e1rios s\u00e3o exclusivos do imposto sobre o valor agregado (de acordo com o \u00a719 para. 1 UstG, n\u00e3o \u00e9 cobrado imposto sobre o valor agregado). <\/p>\n<p class=\"text-align-justify\">2 O pagamento do honor\u00e1rio deve ser feito exclusivamente na conta indicada na fatura. A dedu\u00e7\u00e3o de um desconto s\u00f3 \u00e9 permitida com um acordo especial por escrito.<\/p>\n<p class=\"text-align-justify\">3 Salvo acordado de outra forma, o honor\u00e1rio deve ser pago imediatamente ap\u00f3s a entrega dos resultados e documentos da consultoria. <\/p>\n<p class=\"text-align-justify\">4 O Mandat\u00e1rio (Consultor) tem o direito de enviar faturas ao Mandante tamb\u00e9m em formato eletr\u00f4nico. O Mandante concorda expressamente com o envio de faturas em formato eletr\u00f4nico pelo Mandat\u00e1rio (Consultor).<\/p>\n<h2 class=\"text-align-justify\">\u00a7 5 Direitos de Reten\u00e7\u00e3o<\/h2>\n<p class=\"text-align-justify\">O Mandante s\u00f3 poder\u00e1 exercer um direito de reten\u00e7\u00e3o na medida em que sua reconven\u00e7\u00e3o se baseie na mesma rela\u00e7\u00e3o contratual.<\/p>\n<h2 class=\"text-align-justify\">\u00a7 6 Dura\u00e7\u00e3o do Contrato<\/h2>\n<p class=\"text-align-justify\">1 Este contrato termina com a conclus\u00e3o da consultoria.<\/p>\n<p class=\"text-align-justify\">2 O contrato pode ser rescindido a qualquer momento, por justa causa, por qualquer das partes, sem aviso pr\u00e9vio. Ser\u00e1 considerada justa causa se uma das partes contratantes violar obriga\u00e7\u00f5es contratuais materiais ou se for instaurado um processo de insolv\u00eancia contra uma das partes contratantes ou se o pedido de fal\u00eancia for indeferido por falta de bens para cobrir os custos.<\/p>\n<h2 class=\"text-align-justify\">\u00a77 Prote\u00e7\u00e3o da propriedade intelectual<\/h2>\n<p class=\"text-align-justify\">1 Os direitos autorais dos trabalhos criados pelo Mandat\u00e1rio (Consultor) e seus funcion\u00e1rios e terceiros comissionados (em particular ofertas, relat\u00f3rios, an\u00e1lises, pareceres de especialistas, planos organizacionais, programas, especifica\u00e7\u00f5es de desempenho, rascunhos, c\u00e1lculos, desenhos, portadores de dados, etc.) permanecer\u00e3o com o Mandat\u00e1rio (Consultor). Eles podem ser utilizados pelo Mandante durante e ap\u00f3s o t\u00e9rmino da rela\u00e7\u00e3o contratual exclusivamente para os fins cobertos pelo contrato. O Mandante n\u00e3o ter\u00e1 o direito de reproduzir e\/ou distribuir o(s) trabalho(s) sem o consentimento expresso do Mandat\u00e1rio (Consultor). Em nenhuma circunst\u00e2ncia uma reprodu\u00e7\u00e3o\/divulga\u00e7\u00e3o n\u00e3o autorizada do trabalho poder\u00e1 dar direito a qualquer responsabilidade por parte do Mandat\u00e1rio (Consultor de Gest\u00e3o) &#8211; em particular, por exemplo, pela corre\u00e7\u00e3o do trabalho &#8211; em rela\u00e7\u00e3o a terceiros.<\/p>\n<p class=\"text-align-justify\">2 Qualquer viola\u00e7\u00e3o destas disposi\u00e7\u00f5es por parte do Mandante dar\u00e1 ao Mandat\u00e1rio (Consultor) o direito de encerrar a rela\u00e7\u00e3o contratual imediatamente e antecipadamente e de fazer valer outras reivindica\u00e7\u00f5es legais, em particular por medidas cautelares e\/ou indeniza\u00e7\u00f5es.<\/p>\n<h2 class=\"text-align-justify\">\u00a78 Confidencialidade \/ Prote\u00e7\u00e3o de dados<\/h2>\n<p class=\"text-align-justify\">1 O Mandat\u00e1rio (Consultor) compromete-se a manter sigilo absoluto com rela\u00e7\u00e3o a todos os assuntos comerciais de que tome conhecimento, em particular segredos comerciais e comerciais, bem como qualquer informa\u00e7\u00e3o que possa receber a respeito da natureza, escopo e atividades pr\u00e1ticas do Mandante.<\/p>\n<p class=\"text-align-justify\">2 Adicionalmente, o Mandat\u00e1rio (Consultor) se compromete a manter sigilo perante terceiros em rela\u00e7\u00e3o a todo o conte\u00fado do trabalho, bem como todas as informa\u00e7\u00f5es e circunst\u00e2ncias que tenha recebido em conex\u00e3o com a cria\u00e7\u00e3o do trabalho, em particular tamb\u00e9m em rela\u00e7\u00e3o aos dados dos clientes do Mandante.<\/p>\n<p class=\"text-align-justify\">3 O Mandat\u00e1rio (Consultor) ser\u00e1 exonerado do dever de confidencialidade em rela\u00e7\u00e3o a quaisquer assistentes e suplentes que ele possa contratar. O Mandat\u00e1rio dever\u00e1, entretanto, transferir totalmente o dever de confidencialidade para essas pessoas e ser\u00e1 respons\u00e1vel por sua viola\u00e7\u00e3o do dever de confidencialidade como por sua pr\u00f3pria viola\u00e7\u00e3o.<\/p>\n<p class=\"text-align-justify\">4 O dever de confidencialidade se estender\u00e1 indefinidamente para al\u00e9m do final desta rela\u00e7\u00e3o contratual.<\/p>\n<p class=\"text-align-justify\">5 O mandat\u00e1rio (consultor) ter\u00e1 o direito de processar os dados pessoais a ele confiados no \u00e2mbito da finalidade da rela\u00e7\u00e3o contratual. O mandante deve garantir ao mandat\u00e1rio que todas as medidas necess\u00e1rias foram tomadas para este fim, em particular aquelas no sentido da Lei de Prote\u00e7\u00e3o de Dados, tais como declara\u00e7\u00f5es de consentimento das pessoas envolvidas.<\/p>\n<h2 class=\"text-align-justify\">\u00a7 9 Diversos<\/h2>\n<p class=\"text-align-justify\">1 Este contrato e toda a rela\u00e7\u00e3o jur\u00eddica entre as partes ser\u00e3o regidos pelas leis da Rep\u00fablica Federal da Alemanha, com exclus\u00e3o da Conven\u00e7\u00e3o das Na\u00e7\u00f5es Unidas sobre Contratos de Venda Internacional de Mercadorias (CISG).<\/p>\n<p class=\"text-align-justify\">2 O local de execu\u00e7\u00e3o e o local exclusivo de jurisdi\u00e7\u00e3o e para todas as disputas decorrentes deste contrato \u00e9 Passau. <\/p>\n<p class=\"text-align-justify\">3 Todos os acordos feitos entre as partes com a finalidade de executar este contrato s\u00e3o estabelecidos por escrito no presente contrato.<\/p>\n\t\t\t\t\t\t\t\t<\/div>\n\t\t\t\t<\/div>\n\t\t\t\t\t<\/div>\n\t\t<\/div>\n\t\t\t\t\t<\/div>\n\t\t<\/section>\n\t\t\t\t<\/div>\n\t\t<div class=\"shariff shariff-align-flex-start shariff-widget-align-flex-start\"><div class=\"ShariffHeadline\">Compartilhe este Post<\/div><ul class=\"shariff-buttons theme-round orientation-horizontal buttonsize-medium\"><li class=\"shariff-button twitter shariff-nocustomcolor\" style=\"background-color:#595959\"><a href=\"https:\/\/twitter.com\/share?url=https%3A%2F%2Farkonsili.com%2Fpt-br%2Ftcg%2F&text=TCG\" title=\"Bei X teilen\" aria-label=\"Bei X teilen\" role=\"button\" rel=\"noopener nofollow\" class=\"shariff-link\" style=\"; background-color:#000; color:#fff\" target=\"_blank\"><span class=\"shariff-icon\" style=\"\"><svg width=\"32px\" height=\"20px\" xmlns=\"http:\/\/www.w3.org\/2000\/svg\" viewBox=\"0 0 24 24\"><path fill=\"#000\" d=\"M14.258 10.152L23.176 0h-2.113l-7.747 8.813L7.133 0H0l9.352 13.328L0 23.973h2.113l8.176-9.309 6.531 9.309h7.133zm-2.895 3.293l-.949-1.328L2.875 1.56h3.246l6.086 8.523.945 1.328 7.91 11.078h-3.246zm0 0\"\/><\/svg><\/span><\/a><\/li><li class=\"shariff-button facebook shariff-nocustomcolor\" style=\"background-color:#4273c8\"><a href=\"https:\/\/www.facebook.com\/sharer\/sharer.php?u=https%3A%2F%2Farkonsili.com%2Fpt-br%2Ftcg%2F\" title=\"Bei Facebook teilen\" aria-label=\"Bei Facebook teilen\" role=\"button\" rel=\"nofollow\" class=\"shariff-link\" style=\"; background-color:#3b5998; color:#fff\" target=\"_blank\"><span class=\"shariff-icon\" style=\"\"><svg width=\"32px\" height=\"20px\" xmlns=\"http:\/\/www.w3.org\/2000\/svg\" viewBox=\"0 0 18 32\"><path fill=\"#3b5998\" d=\"M17.1 0.2v4.7h-2.8q-1.5 0-2.1 0.6t-0.5 1.9v3.4h5.2l-0.7 5.3h-4.5v13.6h-5.5v-13.6h-4.5v-5.3h4.5v-3.9q0-3.3 1.9-5.2t5-1.8q2.6 0 4.1 0.2z\"\/><\/svg><\/span><\/a><\/li><li class=\"shariff-button whatsapp shariff-nocustomcolor\" style=\"background-color:#5cbe4a\"><a href=\"https:\/\/api.whatsapp.com\/send?text=https%3A%2F%2Farkonsili.com%2Fpt-br%2Ftcg%2F%20TCG\" title=\"Bei Whatsapp teilen\" aria-label=\"Bei Whatsapp teilen\" role=\"button\" rel=\"noopener nofollow\" class=\"shariff-link\" style=\"; background-color:#34af23; color:#fff\" target=\"_blank\"><span class=\"shariff-icon\" style=\"\"><svg width=\"32px\" height=\"20px\" xmlns=\"http:\/\/www.w3.org\/2000\/svg\" viewBox=\"0 0 32 32\"><path fill=\"#34af23\" d=\"M17.6 17.4q0.2 0 1.7 0.8t1.6 0.9q0 0.1 0 0.3 0 0.6-0.3 1.4-0.3 0.7-1.3 1.2t-1.8 0.5q-1 0-3.4-1.1-1.7-0.8-3-2.1t-2.6-3.3q-1.3-1.9-1.3-3.5v-0.1q0.1-1.6 1.3-2.8 0.4-0.4 0.9-0.4 0.1 0 0.3 0t0.3 0q0.3 0 0.5 0.1t0.3 0.5q0.1 0.4 0.6 1.6t0.4 1.3q0 0.4-0.6 1t-0.6 0.8q0 0.1 0.1 0.3 0.6 1.3 1.8 2.4 1 0.9 2.7 1.8 0.2 0.1 0.4 0.1 0.3 0 1-0.9t0.9-0.9zM14 26.9q2.3 0 4.3-0.9t3.6-2.4 2.4-3.6 0.9-4.3-0.9-4.3-2.4-3.6-3.6-2.4-4.3-0.9-4.3 0.9-3.6 2.4-2.4 3.6-0.9 4.3q0 3.6 2.1 6.6l-1.4 4.2 4.3-1.4q2.8 1.9 6.2 1.9zM14 2.2q2.7 0 5.2 1.1t4.3 2.9 2.9 4.3 1.1 5.2-1.1 5.2-2.9 4.3-4.3 2.9-5.2 1.1q-3.5 0-6.5-1.7l-7.4 2.4 2.4-7.2q-1.9-3.2-1.9-6.9 0-2.7 1.1-5.2t2.9-4.3 4.3-2.9 5.2-1.1z\"\/><\/svg><\/span><\/a><\/li><li class=\"shariff-button linkedin shariff-nocustomcolor\" style=\"background-color:#1488bf\"><a href=\"https:\/\/www.linkedin.com\/sharing\/share-offsite\/?url=https%3A%2F%2Farkonsili.com%2Fpt-br%2Ftcg%2F\" title=\"Bei LinkedIn teilen\" aria-label=\"Bei LinkedIn teilen\" role=\"button\" rel=\"noopener nofollow\" class=\"shariff-link\" style=\"; background-color:#0077b5; color:#fff\" target=\"_blank\"><span class=\"shariff-icon\" style=\"\"><svg width=\"32px\" height=\"20px\" xmlns=\"http:\/\/www.w3.org\/2000\/svg\" viewBox=\"0 0 27 32\"><path fill=\"#0077b5\" d=\"M6.2 11.2v17.7h-5.9v-17.7h5.9zM6.6 5.7q0 1.3-0.9 2.2t-2.4 0.9h0q-1.5 0-2.4-0.9t-0.9-2.2 0.9-2.2 2.4-0.9 2.4 0.9 0.9 2.2zM27.4 18.7v10.1h-5.9v-9.5q0-1.9-0.7-2.9t-2.3-1.1q-1.1 0-1.9 0.6t-1.2 1.5q-0.2 0.5-0.2 1.4v9.9h-5.9q0-7.1 0-11.6t0-5.3l0-0.9h5.9v2.6h0q0.4-0.6 0.7-1t1-0.9 1.6-0.8 2-0.3q3 0 4.9 2t1.9 6z\"\/><\/svg><\/span><\/a><\/li><li class=\"shariff-button mailto shariff-nocustomcolor\" style=\"background-color:#a8a8a8\"><a href=\"mailto:?body=https%3A%2F%2Farkonsili.com%2Fpt-br%2Ftcg%2F&subject=TCG\" title=\"Per E-Mail versenden\" aria-label=\"Per E-Mail versenden\" role=\"button\" rel=\"noopener nofollow\" class=\"shariff-link\" style=\"; background-color:#999; color:#fff\"><span class=\"shariff-icon\" style=\"\"><svg width=\"32px\" height=\"20px\" xmlns=\"http:\/\/www.w3.org\/2000\/svg\" viewBox=\"0 0 32 32\"><path fill=\"#999\" d=\"M32 12.7v14.2q0 1.2-0.8 2t-2 0.9h-26.3q-1.2 0-2-0.9t-0.8-2v-14.2q0.8 0.9 1.8 1.6 6.5 4.4 8.9 6.1 1 0.8 1.6 1.2t1.7 0.9 2 0.4h0.1q0.9 0 2-0.4t1.7-0.9 1.6-1.2q3-2.2 8.9-6.1 1-0.7 1.8-1.6zM32 7.4q0 1.4-0.9 2.7t-2.2 2.2q-6.7 4.7-8.4 5.8-0.2 0.1-0.7 0.5t-1 0.7-0.9 0.6-1.1 0.5-0.9 0.2h-0.1q-0.4 0-0.9-0.2t-1.1-0.5-0.9-0.6-1-0.7-0.7-0.5q-1.6-1.1-4.7-3.2t-3.6-2.6q-1.1-0.7-2.1-2t-1-2.5q0-1.4 0.7-2.3t2.1-0.9h26.3q1.2 0 2 0.8t0.9 2z\"\/><\/svg><\/span><\/a><\/li><li class=\"shariff-button xing shariff-nocustomcolor\" style=\"background-color:#29888a\"><a href=\"https:\/\/www.xing.com\/spi\/shares\/new?url=https%3A%2F%2Farkonsili.com%2Fpt-br%2Ftcg%2F\" title=\"Bei XING teilen\" aria-label=\"Bei XING teilen\" role=\"button\" rel=\"noopener nofollow\" class=\"shariff-link\" style=\"; background-color:#126567; color:#fff\" target=\"_blank\"><span class=\"shariff-icon\" style=\"\"><svg width=\"32px\" height=\"20px\" xmlns=\"http:\/\/www.w3.org\/2000\/svg\" viewBox=\"0 0 25 32\"><path fill=\"#126567\" d=\"M10.7 11.9q-0.2 0.3-4.6 8.2-0.5 0.8-1.2 0.8h-4.3q-0.4 0-0.5-0.3t0-0.6l4.5-8q0 0 0 0l-2.9-5q-0.2-0.4 0-0.7 0.2-0.3 0.5-0.3h4.3q0.7 0 1.2 0.8zM25.1 0.4q0.2 0.3 0 0.7l-9.4 16.7 6 11q0.2 0.4 0 0.6-0.2 0.3-0.6 0.3h-4.3q-0.7 0-1.2-0.8l-6-11.1q0.3-0.6 9.5-16.8 0.4-0.8 1.2-0.8h4.3q0.4 0 0.5 0.3z\"\/><\/svg><\/span><\/a><\/li><\/ul><\/div>","protected":false},"excerpt":{"rendered":"<p>Termos e Condi\u00e7\u00f5es Gerais de Vendas \u00a7 1 Escopo 1 Estes Termos e Condi\u00e7\u00f5es Gerais aplicar-se-\u00e3o exclusivamente a todas as transa\u00e7\u00f5es legais entre o Mandante e o Mandat\u00e1rio [&hellip;]<\/p>\n","protected":false},"author":2,"featured_media":0,"parent":0,"menu_order":0,"comment_status":"closed","ping_status":"closed","template":"","meta":{"site-sidebar-layout":"no-sidebar","site-content-layout":"page-builder","ast-site-content-layout":"default","site-content-style":"default","site-sidebar-style":"default","ast-global-header-display":"","ast-banner-title-visibility":"","ast-main-header-display":"","ast-hfb-above-header-display":"","ast-hfb-below-header-display":"","ast-hfb-mobile-header-display":"","site-post-title":"disabled","ast-breadcrumbs-content":"","ast-featured-img":"disabled","footer-sml-layout":"","ast-disable-related-posts":"","theme-transparent-header-meta":"default","adv-header-id-meta":"","stick-header-meta":"","header-above-stick-meta":"","header-main-stick-meta":"","header-below-stick-meta":"","astra-migrate-meta-layouts":"default","ast-page-background-enabled":"default","ast-page-background-meta":{"desktop":{"background-color":"","background-image":"","background-repeat":"repeat","background-position":"center center","background-size":"auto","background-attachment":"scroll","background-type":"","background-media":"","overlay-type":"","overlay-color":"","overlay-opacity":"","overlay-gradient":""},"tablet":{"background-color":"","background-image":"","background-repeat":"repeat","background-position":"center center","background-size":"auto","background-attachment":"scroll","background-type":"","background-media":"","overlay-type":"","overlay-color":"","overlay-opacity":"","overlay-gradient":""},"mobile":{"background-color":"","background-image":"","background-repeat":"repeat","background-position":"center center","background-size":"auto","background-attachment":"scroll","background-type":"","background-media":"","overlay-type":"","overlay-color":"","overlay-opacity":"","overlay-gradient":""}},"ast-content-background-meta":{"desktop":{"background-color":"var(--ast-global-color-5)","background-image":"","background-repeat":"repeat","background-position":"center center","background-size":"auto","background-attachment":"scroll","background-type":"","background-media":"","overlay-type":"","overlay-color":"","overlay-opacity":"","overlay-gradient":""},"tablet":{"background-color":"var(--ast-global-color-5)","background-image":"","background-repeat":"repeat","background-position":"center center","background-size":"auto","background-attachment":"scroll","background-type":"","background-media":"","overlay-type":"","overlay-color":"","overlay-opacity":"","overlay-gradient":""},"mobile":{"background-color":"var(--ast-global-color-5)","background-image":"","background-repeat":"repeat","background-position":"center center","background-size":"auto","background-attachment":"scroll","background-type":"","background-media":"","overlay-type":"","overlay-color":"","overlay-opacity":"","overlay-gradient":""}},"footnotes":""},"class_list":["post-1008","page","type-page","status-publish","hentry"],"_links":{"self":[{"href":"https:\/\/arkonsili.com\/pt-br\/wp-json\/wp\/v2\/pages\/1008","targetHints":{"allow":["GET"]}}],"collection":[{"href":"https:\/\/arkonsili.com\/pt-br\/wp-json\/wp\/v2\/pages"}],"about":[{"href":"https:\/\/arkonsili.com\/pt-br\/wp-json\/wp\/v2\/types\/page"}],"author":[{"embeddable":true,"href":"https:\/\/arkonsili.com\/pt-br\/wp-json\/wp\/v2\/users\/2"}],"replies":[{"embeddable":true,"href":"https:\/\/arkonsili.com\/pt-br\/wp-json\/wp\/v2\/comments?post=1008"}],"version-history":[{"count":3,"href":"https:\/\/arkonsili.com\/pt-br\/wp-json\/wp\/v2\/pages\/1008\/revisions"}],"predecessor-version":[{"id":1011,"href":"https:\/\/arkonsili.com\/pt-br\/wp-json\/wp\/v2\/pages\/1008\/revisions\/1011"}],"wp:attachment":[{"href":"https:\/\/arkonsili.com\/pt-br\/wp-json\/wp\/v2\/media?parent=1008"}],"curies":[{"name":"wp","href":"https:\/\/api.w.org\/{rel}","templated":true}]}}